{"id":9,"date":"2022-08-31T10:09:59","date_gmt":"2022-08-31T08:09:59","guid":{"rendered":"http:\/\/cdpetanque47.fr\/prevotj@orange.fr\/?page_id=6"},"modified":"2022-08-31T10:09:59","modified_gmt":"2022-08-31T08:09:59","slug":"front-page","status":"publish","type":"page","link":"https:\/\/cdpetanque47.fr\/index.php\/front-page\/","title":{"rendered":"Bienvenue sur le nouveau site du CD 47 !"},"content":{"rendered":"\n<h2 class=\"has-text-align-center has-vivid-cyan-blue-color has-text-color wp-block-heading\"><strong>13\/09 : Demi-finales et finale CDC V\u00e9t\u00e9rans 1\u00e8re et 2\u00e8me divisions<\/strong><\/h2>\n\n\n\n<figure class=\"wp-block-table aligncenter is-style-stripes has-medium-font-size\"><table class=\"has-pale-cyan-blue-background-color has-background\"><thead><tr><th>1\u00e8re division<\/th><th>2\u00e8me division<\/th><\/tr><\/thead><tbody><tr><td>Layrac<\/td><td>Bo\u00e9<\/td><\/tr><tr><td>Samazan<\/td><td>Penne Saint Sylvestre<\/td><\/tr><tr><td>Sainte Livrade<\/td><td>Saint Aubin<\/td><\/tr><tr><td>Viller\u00e9al<\/td><td>Trentels 2<\/td><\/tr><\/tbody><\/table><\/figure>\n\n\n\n<p class=\"has-luminous-vivid-amber-background-color has-background has-medium-font-size\">Tirage se fait sur place au boulodrome de Sainte Livrade \u00e0 8h15.<\/p>\n","protected":false},"excerpt":{"rendered":"<p>13\/09 : Demi-finales et finale CDC V\u00e9t\u00e9rans 1\u00e8re et 2\u00e8me divisions 1\u00e8re division 2\u00e8me division Layrac Bo\u00e9 Samazan Penne Saint<\/p>\n","protected":false},"author":1,"featured_media":0,"parent":0,"menu_order":0,"comment_status":"closed","ping_status":"closed","template":"","meta":{"footnotes":""},"class_list":["post-9","page","type-page","status-publish","hentry"],"_links":{"self":[{"href":"https:\/\/cdpetanque47.fr\/index.php\/wp-json\/wp\/v2\/pages\/9","targetHints":{"allow":["GET"]}}],"collection":[{"href":"https:\/\/cdpetanque47.fr\/index.php\/wp-json\/wp\/v2\/pages"}],"about":[{"href":"https:\/\/cdpetanque47.fr\/index.php\/wp-json\/wp\/v2\/types\/page"}],"author":[{"embeddable":true,"href":"https:\/\/cdpetanque47.fr\/index.php\/wp-json\/wp\/v2\/users\/1"}],"replies":[{"embeddable":true,"href":"https:\/\/cdpetanque47.fr\/index.php\/wp-json\/wp\/v2\/comments?post=9"}],"version-history":[{"count":0,"href":"https:\/\/cdpetanque47.fr\/index.php\/wp-json\/wp\/v2\/pages\/9\/revisions"}],"wp:attachment":[{"href":"https:\/\/cdpetanque47.fr\/index.php\/wp-json\/wp\/v2\/media?parent=9"}],"curies":[{"name":"wp","href":"https:\/\/api.w.org\/{rel}","templated":true}]}}