{"id":77,"date":"2022-08-31T13:01:53","date_gmt":"2022-08-31T11:01:53","guid":{"rendered":"http:\/\/cdpetanque47.fr\/prevotj@orange.fr\/?page_id=77"},"modified":"2022-08-31T13:01:53","modified_gmt":"2022-08-31T11:01:53","slug":"presidents-successifs-du-cd47","status":"publish","type":"page","link":"https:\/\/cdpetanque47.fr\/index.php\/presidents-successifs-du-cd47\/","title":{"rendered":"Pr\u00e9sidents successifs du CD47"},"content":{"rendered":"\n<ul class=\"wp-block-list\"><li><strong>26 Octobre 1951 :\u00a0Cr\u00e9ation du COMIT\u00c9 BOULISTE D\u00c9PARTEMENTAL<\/strong> avec un si\u00e8ge au 106 Boulevard de la Libert\u00e9 47000 AGEN<\/li><\/ul>\n\n\n\n<ul class=\"wp-block-list\"><li><strong>10 D\u00e9cembre 1970 :<\/strong> Le COMIT\u00c9 BOULISTE D\u00c9PARTEMENTAL devient\u00a0<strong>COMIT\u00c9 D\u00c9PARTEMENTAL DE LOT-ET-GARONNE <\/strong> et transfert son si\u00e8ge au 11\u00a0place Jean Baptiste Durand 47000 AGEN<\/li><\/ul>\n\n\n\n<ul class=\"wp-block-list\"><li><strong>25 Avril 1988 <\/strong>: Le COMIT\u00c9 D\u00c9PARTEMENTAL DE LOT ET GARONNE devient<strong> <mark style=\"background-color:rgba(0, 0, 0, 0)\" class=\"has-inline-color has-vivid-cyan-blue-color\">COMIT\u00c9 D\u00c9PARTEMENTAL DE P\u00c9TANQUE ET JEU PROVEN\u00c7AL DE LOT-ET-GARONNE<\/mark><\/strong> et construction d&rsquo;un si\u00e8ge au 90 Rue THEOPHILE DE VIAU 47000 AGEN<\/li><\/ul>\n\n\n\n<div style=\"height:14px\" aria-hidden=\"true\" class=\"wp-block-spacer\"><\/div>\n\n\n\n<h3 class=\"has-background has-medium-font-size wp-block-heading\" style=\"background-color:#048bd3\"><mark style=\"background-color:rgba(0, 0, 0, 0)\" class=\"has-inline-color has-white-color\"><strong>\u00a0Pr\u00e9sidents successifs :<\/strong><\/mark><\/h3>\n\n\n\n<div style=\"height:25px\" aria-hidden=\"true\" class=\"wp-block-spacer\"><\/div>\n\n\n\n<ul class=\"has-medium-font-size wp-block-list\"><li>1950 \u00e0 1953 : Pierre ROMANE<\/li><li>1954 et 1955 : Lucien CONNE<\/li><li>1956 \u00e0 1958 : Georges GARRIGUE<\/li><li>1959\u00a0\u00a0\u00e0 1960 : Lucien CONNE<\/li><li>1960 \u00e0 1977 : Robert GASPIN<\/li><li>1977 \u00e0 1996 : Val\u00e8re FERNANDEZ<\/li><li>1996 \u00e0 2000 : Jacques CHAUVIN<\/li><li>2000 \u00e0\u00a02012 : Yves SALVANT\u00a0<\/li><li>2012 \u00e0 ce jour : Guy SARTOR\u00a0<\/li><\/ul>\n","protected":false},"excerpt":{"rendered":"<p>26 Octobre 1951 :\u00a0Cr\u00e9ation du COMIT\u00c9 BOULISTE D\u00c9PARTEMENTAL avec un si\u00e8ge au 106 Boulevard de la Libert\u00e9 47000 AGEN 10<\/p>\n","protected":false},"author":1,"featured_media":0,"parent":0,"menu_order":0,"comment_status":"closed","ping_status":"closed","template":"","meta":{"footnotes":""},"class_list":["post-77","page","type-page","status-publish","hentry"],"_links":{"self":[{"href":"https:\/\/cdpetanque47.fr\/index.php\/wp-json\/wp\/v2\/pages\/77","targetHints":{"allow":["GET"]}}],"collection":[{"href":"https:\/\/cdpetanque47.fr\/index.php\/wp-json\/wp\/v2\/pages"}],"about":[{"href":"https:\/\/cdpetanque47.fr\/index.php\/wp-json\/wp\/v2\/types\/page"}],"author":[{"embeddable":true,"href":"https:\/\/cdpetanque47.fr\/index.php\/wp-json\/wp\/v2\/users\/1"}],"replies":[{"embeddable":true,"href":"https:\/\/cdpetanque47.fr\/index.php\/wp-json\/wp\/v2\/comments?post=77"}],"version-history":[{"count":0,"href":"https:\/\/cdpetanque47.fr\/index.php\/wp-json\/wp\/v2\/pages\/77\/revisions"}],"wp:attachment":[{"href":"https:\/\/cdpetanque47.fr\/index.php\/wp-json\/wp\/v2\/media?parent=77"}],"curies":[{"name":"wp","href":"https:\/\/api.w.org\/{rel}","templated":true}]}}