{"id":122,"date":"2022-09-09T15:02:15","date_gmt":"2022-09-09T13:02:15","guid":{"rendered":"http:\/\/cdpetanque47.fr\/prevotj@orange.fr\/?page_id=122"},"modified":"2022-11-30T19:06:18","modified_gmt":"2022-11-30T18:06:18","slug":"documents-a-telecharger","status":"publish","type":"page","link":"https:\/\/cdpetanque47.fr\/index.php\/documents-a-telecharger\/","title":{"rendered":"Documents \u00e0 t\u00e9l\u00e9charger"},"content":{"rendered":"\n<p class=\"has-text-align-left has-vivid-cyan-blue-color has-text-color\"><strong>D\u00e9couvrez sur cette page les documents divers \u00e0 t\u00e9l\u00e9charger.<\/strong><\/p>\n\n\n\n<p class=\"has-pale-cyan-blue-background-color has-background\"><strong>Comment faire ?<\/strong> Cliquez sur le bouton noir <strong>\u00ab\u00a0T\u00e9l\u00e9charger\u00a0\u00bb<\/strong> \u00e0 droite du nom du document pour l&rsquo;enregistrer sur votre ordinateur, tablette ou mobile.<\/p>\n\n\n\n<hr class=\"wp-block-separator has-alpha-channel-opacity\"\/>\n\n\n\n<div class=\"wp-block-file\"><a id=\"wp-block-file--media-c37b28be-fc74-49e4-b189-5431c6a7d54e\" href=\"http:\/\/cdpetanque47.fr\/prevotj@orange.fr\/wp-content\/uploads\/2022\/09\/Certificat-Medical-2021-1.pdf\" target=\"_blank\" rel=\"noreferrer noopener\">Certificat M\u00e9dical 2022<\/a><a href=\"http:\/\/cdpetanque47.fr\/prevotj@orange.fr\/wp-content\/uploads\/2022\/09\/Certificat-Medical-2021-1.pdf\" class=\"wp-block-file__button wp-element-button\" download aria-describedby=\"wp-block-file--media-c37b28be-fc74-49e4-b189-5431c6a7d54e\">T\u00e9l\u00e9charger<\/a><\/div>\n\n\n\n<div data-wp-interactive=\"core\/file\" class=\"wp-block-file\"><object data-wp-bind--hidden=\"!state.hasPdfPreview\" hidden class=\"wp-block-file__embed\" data=\"https:\/\/cdpetanque47.fr\/prevotj@orange.fr\/wp-content\/uploads\/2022\/11\/Jury-concours.pdf\" type=\"application\/pdf\" style=\"width:100%;height:600px\" aria-label=\"Contenu embarqu\u00e9 &lt;strong&gt;JURY CONCOURS&lt;\/strong&gt;.\"><\/object><a id=\"wp-block-file--media-79e7e19b-fae0-4879-8ef6-2c5acdc8275b\" href=\"https:\/\/cdpetanque47.fr\/prevotj@orange.fr\/wp-content\/uploads\/2022\/11\/Jury-concours.pdf\"><strong>JURY CONCOURS<\/strong><\/a><a href=\"https:\/\/cdpetanque47.fr\/prevotj@orange.fr\/wp-content\/uploads\/2022\/11\/Jury-concours.pdf\" class=\"wp-block-file__button wp-element-button\" download aria-describedby=\"wp-block-file--media-79e7e19b-fae0-4879-8ef6-2c5acdc8275b\">T\u00e9l\u00e9charger<\/a><\/div>\n\n\n\n<div data-wp-interactive=\"core\/file\" class=\"wp-block-file\"><object data-wp-bind--hidden=\"!state.hasPdfPreview\" hidden class=\"wp-block-file__embed\" data=\"https:\/\/cdpetanque47.fr\/prevotj@orange.fr\/wp-content\/uploads\/2022\/11\/feuille-match-CDF.pdf\" type=\"application\/pdf\" style=\"width:100%;height:600px\" aria-label=\"Contenu embarqu\u00e9 feuille-match-CDF.\"><\/object><a id=\"wp-block-file--media-0cc244a8-cb1e-4e5f-be0c-b06d64a04172\" href=\"https:\/\/cdpetanque47.fr\/prevotj@orange.fr\/wp-content\/uploads\/2022\/11\/feuille-match-CDF.pdf\">feuille-match-CDF<\/a><a href=\"https:\/\/cdpetanque47.fr\/prevotj@orange.fr\/wp-content\/uploads\/2022\/11\/feuille-match-CDF.pdf\" class=\"wp-block-file__button wp-element-button\" download aria-describedby=\"wp-block-file--media-0cc244a8-cb1e-4e5f-be0c-b06d64a04172\">T\u00e9l\u00e9charger<\/a><\/div>\n\n\n\n<div data-wp-interactive=\"core\/file\" class=\"wp-block-file\"><object data-wp-bind--hidden=\"!state.hasPdfPreview\" hidden class=\"wp-block-file__embed\" data=\"https:\/\/cdpetanque47.fr\/prevotj@orange.fr\/wp-content\/uploads\/2022\/11\/Feuille-de-match-CDC-Veterans-47-.pdf\" type=\"application\/pdf\" style=\"width:100%;height:600px\" aria-label=\"Contenu embarqu\u00e9 Feuille-de-match-CDC-Veterans-47-.\"><\/object><a id=\"wp-block-file--media-3eee53de-8237-4fa2-a865-8f3fbf42ed64\" href=\"https:\/\/cdpetanque47.fr\/prevotj@orange.fr\/wp-content\/uploads\/2022\/11\/Feuille-de-match-CDC-Veterans-47-.pdf\">Feuille-de-match-CDC-Veterans-47-<\/a><a href=\"https:\/\/cdpetanque47.fr\/prevotj@orange.fr\/wp-content\/uploads\/2022\/11\/Feuille-de-match-CDC-Veterans-47-.pdf\" class=\"wp-block-file__button wp-element-button\" download aria-describedby=\"wp-block-file--media-3eee53de-8237-4fa2-a865-8f3fbf42ed64\">T\u00e9l\u00e9charger<\/a><\/div>\n\n\n\n<div data-wp-interactive=\"core\/file\" class=\"wp-block-file\"><object data-wp-bind--hidden=\"!state.hasPdfPreview\" hidden class=\"wp-block-file__embed\" data=\"https:\/\/cdpetanque47.fr\/prevotj@orange.fr\/wp-content\/uploads\/2022\/11\/Feuille-de-match-CDC-OPEN-47-.pdf\" type=\"application\/pdf\" style=\"width:100%;height:600px\" aria-label=\"Contenu embarqu\u00e9 Feuille-de-match-CDC-OPEN-47-.\"><\/object><a id=\"wp-block-file--media-9364f718-1c21-4c39-99ee-5f18237d935b\" href=\"https:\/\/cdpetanque47.fr\/prevotj@orange.fr\/wp-content\/uploads\/2022\/11\/Feuille-de-match-CDC-OPEN-47-.pdf\">Feuille-de-match-CDC-OPEN-47-<\/a><a href=\"https:\/\/cdpetanque47.fr\/prevotj@orange.fr\/wp-content\/uploads\/2022\/11\/Feuille-de-match-CDC-OPEN-47-.pdf\" class=\"wp-block-file__button wp-element-button\" download aria-describedby=\"wp-block-file--media-9364f718-1c21-4c39-99ee-5f18237d935b\">T\u00e9l\u00e9charger<\/a><\/div>\n\n\n\n<div data-wp-interactive=\"core\/file\" class=\"wp-block-file\"><object data-wp-bind--hidden=\"!state.hasPdfPreview\" hidden class=\"wp-block-file__embed\" data=\"https:\/\/cdpetanque47.fr\/prevotj@orange.fr\/wp-content\/uploads\/2022\/11\/Certif-medical-et-autorisation-parentale.pdf\" type=\"application\/pdf\" style=\"width:100%;height:600px\" aria-label=\"Contenu embarqu\u00e9 &lt;strong&gt;CERTIFICAT M\u00c9DICAL ET AUTORISATION PARENTALE&lt;\/strong&gt;.\"><\/object><a id=\"wp-block-file--media-35b08521-e01c-492a-904b-74ec89a72e75\" href=\"https:\/\/cdpetanque47.fr\/prevotj@orange.fr\/wp-content\/uploads\/2022\/11\/Certif-medical-et-autorisation-parentale.pdf\"><strong>CERTIFICAT M\u00c9DICAL ET AUTORISATION PARENTALE<\/strong><\/a><a href=\"https:\/\/cdpetanque47.fr\/prevotj@orange.fr\/wp-content\/uploads\/2022\/11\/Certif-medical-et-autorisation-parentale.pdf\" class=\"wp-block-file__button wp-element-button\" download aria-describedby=\"wp-block-file--media-35b08521-e01c-492a-904b-74ec89a72e75\">T\u00e9l\u00e9charger<\/a><\/div>\n\n\n\n<div data-wp-interactive=\"core\/file\" class=\"wp-block-file\"><object data-wp-bind--hidden=\"!state.hasPdfPreview\" hidden class=\"wp-block-file__embed\" data=\"https:\/\/cdpetanque47.fr\/prevotj@orange.fr\/wp-content\/uploads\/2022\/11\/Certificat-Medical.pdf\" type=\"application\/pdf\" style=\"width:100%;height:600px\" aria-label=\"Contenu embarqu\u00e9 &lt;strong&gt;CERTIFICAT M\u00c9DICAL&lt;\/strong&gt;.\"><\/object><a id=\"wp-block-file--media-189215eb-e9e7-4904-aead-7221c8cd7294\" href=\"https:\/\/cdpetanque47.fr\/prevotj@orange.fr\/wp-content\/uploads\/2022\/11\/Certificat-Medical.pdf\"><strong>CERTIFICAT M\u00c9DICAL<\/strong><\/a><a href=\"https:\/\/cdpetanque47.fr\/prevotj@orange.fr\/wp-content\/uploads\/2022\/11\/Certificat-Medical.pdf\" class=\"wp-block-file__button wp-element-button\" download aria-describedby=\"wp-block-file--media-189215eb-e9e7-4904-aead-7221c8cd7294\">T\u00e9l\u00e9charger<\/a><\/div>\n\n\n\n<div data-wp-interactive=\"core\/file\" class=\"wp-block-file\"><object data-wp-bind--hidden=\"!state.hasPdfPreview\" hidden class=\"wp-block-file__embed\" data=\"https:\/\/cdpetanque47.fr\/prevotj@orange.fr\/wp-content\/uploads\/2022\/11\/CERTIFICAT-MEDICAL-3.pdf\" type=\"application\/pdf\" style=\"width:100%;height:600px\" aria-label=\"Contenu embarqu\u00e9 &lt;strong&gt;CERTIFICAT-MEDICAL&lt;\/strong&gt;.\"><\/object><a id=\"wp-block-file--media-260c54f9-fed9-43f3-965b-1ad2d7163e9e\" href=\"https:\/\/cdpetanque47.fr\/prevotj@orange.fr\/wp-content\/uploads\/2022\/11\/CERTIFICAT-MEDICAL-3.pdf\"><strong>CERTIFICAT-MEDICAL<\/strong><\/a><a href=\"https:\/\/cdpetanque47.fr\/prevotj@orange.fr\/wp-content\/uploads\/2022\/11\/CERTIFICAT-MEDICAL-3.pdf\" class=\"wp-block-file__button wp-element-button\" download aria-describedby=\"wp-block-file--media-260c54f9-fed9-43f3-965b-1ad2d7163e9e\">T\u00e9l\u00e9charger<\/a><\/div>\n\n\n\n<div data-wp-interactive=\"core\/file\" class=\"wp-block-file\"><object data-wp-bind--hidden=\"!state.hasPdfPreview\" hidden class=\"wp-block-file__embed\" data=\"https:\/\/cdpetanque47.fr\/prevotj@orange.fr\/wp-content\/uploads\/2022\/11\/QUESTIONNAIRE_SANTE_MAJEUR_2023.pdf\" type=\"application\/pdf\" style=\"width:100%;height:600px\" aria-label=\"Contenu embarqu\u00e9 &lt;strong&gt;QUESTIONNAIRE_SANTE_MAJEUR_2023&lt;\/strong&gt;.\"><\/object><a id=\"wp-block-file--media-1839dcbd-8dd9-4786-8694-565d87f090f2\" href=\"https:\/\/cdpetanque47.fr\/prevotj@orange.fr\/wp-content\/uploads\/2022\/11\/QUESTIONNAIRE_SANTE_MAJEUR_2023.pdf\"><strong>QUESTIONNAIRE_SANTE_MAJEUR_2023<\/strong><\/a><a href=\"https:\/\/cdpetanque47.fr\/prevotj@orange.fr\/wp-content\/uploads\/2022\/11\/QUESTIONNAIRE_SANTE_MAJEUR_2023.pdf\" class=\"wp-block-file__button wp-element-button\" download aria-describedby=\"wp-block-file--media-1839dcbd-8dd9-4786-8694-565d87f090f2\">T\u00e9l\u00e9charger<\/a><\/div>\n\n\n\n<div data-wp-interactive=\"core\/file\" class=\"wp-block-file\"><object data-wp-bind--hidden=\"!state.hasPdfPreview\" hidden class=\"wp-block-file__embed\" data=\"https:\/\/cdpetanque47.fr\/prevotj@orange.fr\/wp-content\/uploads\/2022\/11\/FORMULAIRE_PRISE_DE_LICENCE_2023-1.pdf\" type=\"application\/pdf\" style=\"width:100%;height:617px\" aria-label=\"Contenu embarqu\u00e9 &lt;strong&gt;FORMULAIRE_PRISE_DE_LICENCE_2023&lt;\/strong&gt;.\"><\/object><a id=\"wp-block-file--media-7f9738b7-1412-4e7b-9025-bdc485b7adbe\" href=\"https:\/\/cdpetanque47.fr\/prevotj@orange.fr\/wp-content\/uploads\/2022\/11\/FORMULAIRE_PRISE_DE_LICENCE_2023-1.pdf\"><strong>FORMULAIRE_PRISE_DE_LICENCE_2023<\/strong><\/a><a href=\"https:\/\/cdpetanque47.fr\/prevotj@orange.fr\/wp-content\/uploads\/2022\/11\/FORMULAIRE_PRISE_DE_LICENCE_2023-1.pdf\" class=\"wp-block-file__button wp-element-button\" download aria-describedby=\"wp-block-file--media-7f9738b7-1412-4e7b-9025-bdc485b7adbe\">T\u00e9l\u00e9charger<\/a><\/div>\n","protected":false},"excerpt":{"rendered":"<p>D\u00e9couvrez sur cette page les documents divers \u00e0 t\u00e9l\u00e9charger. Comment faire ? Cliquez sur le bouton noir \u00ab\u00a0T\u00e9l\u00e9charger\u00a0\u00bb \u00e0 droite<\/p>\n","protected":false},"author":2,"featured_media":0,"parent":0,"menu_order":0,"comment_status":"closed","ping_status":"closed","template":"","meta":{"footnotes":""},"class_list":["post-122","page","type-page","status-publish","hentry"],"_links":{"self":[{"href":"https:\/\/cdpetanque47.fr\/index.php\/wp-json\/wp\/v2\/pages\/122","targetHints":{"allow":["GET"]}}],"collection":[{"href":"https:\/\/cdpetanque47.fr\/index.php\/wp-json\/wp\/v2\/pages"}],"about":[{"href":"https:\/\/cdpetanque47.fr\/index.php\/wp-json\/wp\/v2\/types\/page"}],"author":[{"embeddable":true,"href":"https:\/\/cdpetanque47.fr\/index.php\/wp-json\/wp\/v2\/users\/2"}],"replies":[{"embeddable":true,"href":"https:\/\/cdpetanque47.fr\/index.php\/wp-json\/wp\/v2\/comments?post=122"}],"version-history":[{"count":9,"href":"https:\/\/cdpetanque47.fr\/index.php\/wp-json\/wp\/v2\/pages\/122\/revisions"}],"predecessor-version":[{"id":805,"href":"https:\/\/cdpetanque47.fr\/index.php\/wp-json\/wp\/v2\/pages\/122\/revisions\/805"}],"wp:attachment":[{"href":"https:\/\/cdpetanque47.fr\/index.php\/wp-json\/wp\/v2\/media?parent=122"}],"curies":[{"name":"wp","href":"https:\/\/api.w.org\/{rel}","templated":true}]}}